{"id":583,"date":"2024-04-22T11:20:13","date_gmt":"2024-04-22T08:20:13","guid":{"rendered":"https:\/\/pentadent.org\/hakkimizda\/"},"modified":"2024-12-08T01:39:35","modified_gmt":"2024-12-07T22:39:35","slug":"about-us","status":"publish","type":"page","link":"https:\/\/pentadent.org\/en\/about-us\/","title":{"rendered":"About Us"},"content":{"rendered":"<!--themify_builder_content-->\n<div id=\"themify_builder_content-583\" data-postid=\"583\" class=\"themify_builder_content themify_builder_content-583 themify_builder tf_clear\">\n                    <div  data-css_id=\"socs58\" data-lazy=\"1\" class=\"module_row themify_builder_row fullwidth tb_socs58 tb_first tf_w\">\n                        <div class=\"row_inner col_align_top tb_col_count_1 tf_box tf_rel\">\n                        <div  data-lazy=\"1\" class=\"module_column tb-column col-full tb_pt8958 first\">\n                    <!-- module image -->\n<div  class=\"module module-image tb_5for547 image-top   auto_fullwidth tf_mw\" data-lazy=\"1\">\n        <div class=\"image-wrap tf_rel tf_mw\">\n            <img loading=\"lazy\" decoding=\"async\" width=\"1024\" height=\"222\" src=\"https:\/\/pentadent.org\/wp-content\/uploads\/2024\/04\/hakkimizda.jpg\" class=\"wp-post-image wp-image-500\" title=\"hakkimizda\" alt=\"hakkimizda\" srcset=\"https:\/\/pentadent.org\/wp-content\/uploads\/2024\/04\/hakkimizda.jpg 1024w, https:\/\/pentadent.org\/wp-content\/uploads\/2024\/04\/hakkimizda-300x65.jpg 300w, https:\/\/pentadent.org\/wp-content\/uploads\/2024\/04\/hakkimizda-768x167.jpg 768w\" sizes=\"auto, (max-width: 1024px) 100vw, 1024px\" \/>    \n        <\/div>\n    <!-- \/image-wrap -->\n    \n        <\/div>\n<!-- \/module image -->        <\/div>\n                        <\/div>\n        <\/div>\n                        <div  data-lazy=\"1\" class=\"module_row themify_builder_row tb_xj65296 tf_w\">\n                        <div class=\"row_inner col_align_top tb_col_count_1 tf_box tf_rel\">\n                        <div  data-lazy=\"1\" class=\"module_column tb-column col-full tb_bbhu296 first\">\n                    <!-- module fancy heading -->\n<div  class=\"module module-fancy-heading tb_6msf432 \" data-lazy=\"1\">\n        <h1 class=\"fancy-heading tf_textc\">\n    <span class=\"main-head tf_block\">\n                    About us            <\/span>\n\n    \n    <span class=\"sub-head tf_block tf_rel\">\n                                <\/span>\n    <\/h1>\n<\/div>\n<!-- \/module fancy heading -->\n<!-- module text -->\n<div  class=\"module module-text tb_n0ui260   \" data-lazy=\"1\">\n        <div  class=\"tb_text_wrap\">\n        <p>Young graduates educated by students of Prof Dr Alfred Kantorowicz, founded Pentadent in 1997. Years passing by, the clinic became a center of attraction regarding treatments of Children and adults. Besides having consultations of special academic staff, the clinic used to be in a manner of an institute. As its name suggests in Latin; Pentadent Suigeneris,an \u00c9cole of her own kind, is proudly lives the joy and privilidge of being a special \u00c9cole and institute.<\/p>    <\/div>\n<\/div>\n<!-- \/module text --><!-- module fancy heading -->\n<div  class=\"module module-fancy-heading tb_xc8t906 \" data-lazy=\"1\">\n        <h3 class=\"fancy-heading\">\n    <span class=\"main-head tf_block\">\n                    Founders            <\/span>\n\n    \n    <span class=\"sub-head tf_block tf_rel\">\n                                <\/span>\n    <\/h3>\n<\/div>\n<!-- \/module fancy heading -->\n        <\/div>\n                        <\/div>\n        <\/div>\n                        <div  data-lazy=\"1\" class=\"module_row themify_builder_row tb_dzk9754 tf_w\">\n                        <div class=\"row_inner col_align_top tb_col_count_1 tf_box tf_rel\">\n                        <div  data-lazy=\"1\" class=\"module_column tb-column col-full tb_f6er754 first\">\n                    <!-- module fancy heading -->\n<div  class=\"module module-fancy-heading tb_ty6z978 \" data-lazy=\"1\">\n        <h3 class=\"fancy-heading\">\n    <span class=\"main-head tf_block\">\n                    Dr. Dt. U\u011fur Kabalay            <\/span>\n\n    \n    <span class=\"sub-head tf_block tf_rel\">\n                    Pedodontist \u2013 Specialist Pediatric Dentist            <\/span>\n    <\/h3>\n<\/div>\n<!-- \/module fancy heading -->\n        <\/div>\n                        <\/div>\n        <\/div>\n                        <div  data-lazy=\"1\" class=\"module_row themify_builder_row tb_0qn2521 tf_w\">\n                        <div class=\"row_inner col_align_top tb_col_count_1 tf_box tf_rel\">\n                        <div  data-lazy=\"1\" class=\"module_column tb-column col-full tb_ykyc521 first\">\n                    <!-- module text -->\n<div  class=\"module module-text tb_j94b952   \" data-lazy=\"1\">\n        <div  class=\"tb_text_wrap\">\n        <p>Born in 1974 in Denizli.<br>Graduated from Marmara University, Faculty of Dentistry in 1997.<br>In 2003, he was entitled to receive a PhD degree from Marmara University, Department of Pedodontics (Pediatric Dentistry).<\/p>    <\/div>\n<\/div>\n<!-- \/module text --><!-- module fancy heading -->\n<div  class=\"module module-fancy-heading tb_crfi791 \" data-lazy=\"1\">\n        <h3 class=\"fancy-heading\">\n    <span class=\"main-head tf_block\">\n                    Prof. Dr. E\u015fber \u00c7a\u011flar            <\/span>\n\n    \n    <span class=\"sub-head tf_block tf_rel\">\n                    Pedodontist \u2013 Specialist Pediatric Dentist            <\/span>\n    <\/h3>\n<\/div>\n<!-- \/module fancy heading -->\n<!-- module text -->\n<div  class=\"module module-text tb_74gy444   \" data-lazy=\"1\">\n        <div  class=\"tb_text_wrap\">\n        <p>Born in Istanbul in 1974.<br>Graduated from Marmara University, Faculty of Dentistry in 1997.<br>In 2004, he was entitled to receive a PhD degree from Marmara University, Department of Pedodontics (Pediatric Dentistry).<br>In 2007,\u00a0<span style=\"font-size: 1em;\">he was entitled to receive the title of\u00a0<\/span><span style=\"font-size: 1em;\">Assist. Professor in Yeditepe University, Department of Pedodontics (Pediatric Dentistry).<br><\/span><span style=\"font-size: 1em;\">In 2012,\u00a0<\/span><span style=\"font-size: 1em;\">he was entitled to receive the title of\u00a0<\/span><span style=\"font-size: 1em;\">Associate Professor in\u00a0<\/span><span style=\"font-size: 1em;\">Yeditepe University, Department of Pedodontics (Pediatric Dentistry).<br><\/span><span style=\"font-size: 1em;\">In 2021,\u00a0<\/span><span style=\"font-size: 1em;\">he was entitled to receive the title of\u00a0<\/span><span style=\"font-size: 1em;\">Prof. Dr. in\u00a0<\/span><span style=\"font-size: 1em;\">Kent University, Faculty of Dentistry Department of Pedodontics.<\/span><\/p>    <\/div>\n<\/div>\n<!-- \/module text -->        <\/div>\n                        <\/div>\n        <\/div>\n        <\/div>\n<!--\/themify_builder_content-->","protected":false},"excerpt":{"rendered":"<p>About us Young graduates educated by students of Prof Dr Alfred Kantorowicz, founded Pentadent in 1997. Years passing by, the clinic became a center of attraction regarding treatments of Children and adults. Besides having consultations of special academic staff, the clinic used to be in a manner of an institute. As its name suggests in [&hellip;]<\/p>\n","protected":false},"author":1,"featured_media":0,"parent":0,"menu_order":0,"comment_status":"closed","ping_status":"closed","template":"","meta":{"footnotes":""},"class_list":["post-583","page","type-page","status-publish","hentry","has-post-title","has-post-date","has-post-category","has-post-tag","has-post-comment","has-post-author",""],"_links":{"self":[{"href":"https:\/\/pentadent.org\/en\/wp-json\/wp\/v2\/pages\/583","targetHints":{"allow":["GET"]}}],"collection":[{"href":"https:\/\/pentadent.org\/en\/wp-json\/wp\/v2\/pages"}],"about":[{"href":"https:\/\/pentadent.org\/en\/wp-json\/wp\/v2\/types\/page"}],"author":[{"embeddable":true,"href":"https:\/\/pentadent.org\/en\/wp-json\/wp\/v2\/users\/1"}],"replies":[{"embeddable":true,"href":"https:\/\/pentadent.org\/en\/wp-json\/wp\/v2\/comments?post=583"}],"version-history":[{"count":13,"href":"https:\/\/pentadent.org\/en\/wp-json\/wp\/v2\/pages\/583\/revisions"}],"predecessor-version":[{"id":767,"href":"https:\/\/pentadent.org\/en\/wp-json\/wp\/v2\/pages\/583\/revisions\/767"}],"wp:attachment":[{"href":"https:\/\/pentadent.org\/en\/wp-json\/wp\/v2\/media?parent=583"}],"curies":[{"name":"wp","href":"https:\/\/api.w.org\/{rel}","templated":true}]}}