{"id":587,"date":"2024-04-16T18:30:48","date_gmt":"2024-04-16T15:30:48","guid":{"rendered":"https:\/\/pentadent.org\/haberler\/"},"modified":"2026-03-25T13:22:19","modified_gmt":"2026-03-25T10:22:19","slug":"news","status":"publish","type":"page","link":"https:\/\/pentadent.org\/en\/news\/","title":{"rendered":"News"},"content":{"rendered":"<!--themify_builder_content-->\n<div id=\"themify_builder_content-587\" data-postid=\"587\" class=\"themify_builder_content themify_builder_content-587 themify_builder tf_clear\">\n                    <div  data-css_id=\"c8xe858\" data-lazy=\"1\" class=\"module_row themify_builder_row fullwidth tb_c8xe858 tb_first tf_w\">\n                        <div class=\"row_inner col_align_top tb_col_count_1 tf_box tf_rel\">\n                        <div  data-lazy=\"1\" class=\"module_column tb-column col-full tb_y2ft858 first\">\n                    <!-- module image -->\n<div  class=\"module module-image tb_e8jw125 image-top   auto_fullwidth tf_mw\" data-lazy=\"1\">\n        <div class=\"image-wrap tf_rel tf_mw\">\n            <img loading=\"lazy\" decoding=\"async\" width=\"1024\" height=\"222\" src=\"https:\/\/pentadent.org\/wp-content\/uploads\/2024\/04\/haberler.jpg\" class=\"wp-post-image wp-image-503\" title=\"haberler\" alt=\"haberler\" srcset=\"https:\/\/pentadent.org\/wp-content\/uploads\/2024\/04\/haberler.jpg 1024w, https:\/\/pentadent.org\/wp-content\/uploads\/2024\/04\/haberler-300x65.jpg 300w, https:\/\/pentadent.org\/wp-content\/uploads\/2024\/04\/haberler-768x167.jpg 768w\" sizes=\"auto, (max-width: 1024px) 100vw, 1024px\" \/>    \n        <\/div>\n    <!-- \/image-wrap -->\n    \n        <\/div>\n<!-- \/module image -->        <\/div>\n                        <\/div>\n        <\/div>\n                        <div  data-lazy=\"1\" class=\"module_row themify_builder_row tb_dosh775 tf_w\">\n                        <div class=\"row_inner col_align_top tb_col_count_1 tf_box tf_rel\">\n                        <div  data-lazy=\"1\" class=\"module_column tb-column col-full tb_hapn775 first\">\n                    <!-- module fancy heading -->\n<div  class=\"module module-fancy-heading tb_jyao9 \" data-lazy=\"1\">\n        <h1 class=\"fancy-heading tf_textc\">\n    <span class=\"main-head tf_block\">\n                    News            <\/span>\n\n    \n    <span class=\"sub-head tf_block tf_rel\">\n                                <\/span>\n    <\/h1>\n<\/div>\n<!-- \/module fancy heading -->\n        <\/div>\n                        <\/div>\n        <\/div>\n                        <div  data-lazy=\"1\" class=\"module_row themify_builder_row tb_vur1528 tf_w\">\n                        <div class=\"row_inner col_align_top tb_col_count_1 tf_box tf_rel\">\n                        <div  data-lazy=\"1\" class=\"module_column tb-column col-full tb_vz0r528 first\">\n                    <!-- module text -->\n<div  class=\"module module-text tb_eg8j613   \" data-lazy=\"1\">\n        <div  class=\"tb_text_wrap\">\n        <p><span style=\"font-weight: bold;\">1997<\/span><\/p>\n<ul>\n<li>Dental treatments started at Pentadent Ac\u0131badem on December 27, 1997.<\/li>\n<\/ul>\n<p><span style=\"font-weight: bold;\">1998<\/span><\/p>\n<ul>\n<li>We attended the 5th EAPD Congress in Bergen-Norway.<\/li>\n<\/ul>\n<p><span style=\"font-weight: bold;\">1999<\/span><\/p>\n<ul>\n<li>Dr. U\u011fur Kabalay won a T\u00fcbitak scholarship with the conference he gave at FDI Congress, Paris, France.<\/li>\n<\/ul>\n<p><span style=\"font-weight: bold;\">2000<\/span><\/p>\n<ul>\n<li>Dr. E\u015fber \u00c7a\u011flar won the ORCA East Europe Summer School scholarship and went to Dobogoko, Hungary.<\/li>\n<\/ul>\n<p><span style=\"font-weight: bold;\">2001<\/span><\/p>\n<ul>\n<li>On July 21, 2001, Pentadent moved into service in its new location in Ac\u0131badem.<\/li>\n<li>Our doctors won the Award of Recogition-Bright Smiles Bright Futures for their work at the 18th IAPD Congress, Paris, France, and they presented their work at the NOF-IADR Congress in Copenhagen, Denmark.<\/li>\n<\/ul>\n<p><span style=\"font-weight: bold;\">2002<\/span><\/p>\n<ul>\n<li>U\u011fur Kabalay received the ORCA Consultancy Service Fellowship scholarship at the 49th ORCA Congress, Turku, Finland.<\/li>\n<li>Prof. Dr. E\u015fber \u00c7a\u011flar received the scholarship given by Giuseppe Cantatore and attended the Leaders&#8217; Option Meeting &#8211; Endodontic Workshop course in Ballaigues, Switzerland.<\/li>\n<li>Prof. Dr. E\u015fber \u00c7a\u011flar presented his work at the 6th EAPD Congress in Dublin-Ireland.<\/li>\n<\/ul>\n<p><span style=\"font-weight: bold;\">2003<\/span><\/p>\n<ul>\n<li>Dr. E\u015fber \u00c7a\u011flar participated in a clinical study at Orthodontic Department &#8211; Oslo University &#8211; Oslo, Norway.<\/li>\n<li>Dr. E\u015fber \u00c7a\u011flar received the ORCA Congress Consultancy Service Fellowship scholarship at the 50th ORCA Congress, Konstanz, Germany.<\/li>\n<li>Dr. U\u011fur Kabalay earned the title of Doctor in the Department of Pedodontics.<\/li>\n<\/ul>\n<p><span style=\"font-weight: bold;\">2004<\/span><\/p>\n<ul>\n<li>DNA test analysis from saliva has started in our center. The analysis, which is of great importance in preventing possible health problems in the future and in the diagnosis of genetically transmitted diseases, can now be obtained from saliva and stored in the bank in our clinic.<\/li>\n<li>Dr. E\u015fber \u00c7a\u011flar earned the title of Doctor in the Department of Pedodontics.<\/li>\n<\/ul>\n<p><span style=\"font-weight: bold;\">2005<\/span><\/p>\n<ul>\n<li>A new technical infrastructure, digital radiography method RVG and oral camera systems have been established at Pentadent.<\/li>\n<\/ul>\n<p><span style=\"font-weight: bold;\">2006<\/span><\/p>\n<ul>\n<li>We attended the 8th EAPD Congress in Amsterdam, Netherlands.<\/li>\n<li>Pentadent underwent restoration in order to better serve you, our patients, and made a security agreement with Pronet.<\/li>\n<li>Our doctors gave a seminar on probiotics at the 4th IAPPS meeting held in Corelaine, Northern Ireland.<\/li>\n<\/ul>\n<p><span style=\"font-weight: bold;\">2007<\/span><\/p>\n<ul>\n<li>We are celebrating the 10th anniversary of our establishment. -Our doctors successfully represented our country with their new research at the 85th IADR-PEF meeting held in Thessaloniki, Greece.<\/li>\n<li>Our doctors received the &#8216;The Best Article Published in the year 2006 in Acta Odontologica Scandinavica&#8217; award from the Swedish Karolinska Institute, the organization that also awarded the Nobel Prize, for their work.<\/li>\n<li>Our doctors attended the 2nd National Cerebral Palsy and Developmental Disorders Congress as speakers.<\/li>\n<\/ul>\n<p><span style=\"font-weight: bold;\">2008<\/span><\/p>\n<ul>\n<li>Our doctors attended the 9th EAPD (European Association of Pediatric Dentistry) Congress, Dubrovnik, Croatia and received the EAPD Scientific Award Research for Oral Health and Nutrition.<\/li>\n<li>Our doctors won a Tubitak scholarship with the conference they gave at the 9th EAPD (European Association of Pediatric Dentistry) Congress, Dubrovnik, Croatia.<\/li>\n<li>Our doctors talked about childhood oral and dental health in the TV health program &#8216;My child and I&#8217;. 12 May 2008. TV8<\/li>\n<\/ul>\n<p><span style=\"font-weight: bold;\">2009<\/span><\/p>\n<ul>\n<li>Our clinic is enlivened with the works of Sabahattin Tuncer, \u00dcmit Karaca, Semin \u00c7a\u011flar and H\u00fclya G\u00fcm\u00fc\u015fo\u011flu.<\/li>\n<li>In our clinic, milk teeth have begun to be stored under special conditions for stem cell studies.<\/li>\n<li>Our clinic provides you with access to specialist physicians who can help you in emergency situations abroad.<\/li>\n<li>Our doctors chaired the session and made their presentations at the 22nd IAPD (International Pediatric Dentistry) Congress in Munich, Germany.<\/li>\n<li>Our doctors attended the EAPD Workshop held in Helsinki, Finland.<\/li>\n<\/ul>\n<p><span style=\"font-weight: bold;\">2010<\/span><\/p>\n<ul>\n<li>Our doctors participated as speakers in the &#8216;Medical&#8217; program on childhood oral and dental health. January 10, 2010, Habert\u00fcrk.<\/li>\n<li>Our doctors chaired the session and made their presentations at the 10th EAPD (European Pediatric Dentistry) Congress in Harrogate, England.<\/li>\n<li>Our doctors were appointed to one of the 5 distinguished memberships of the EAPD Education Committee to serve for 6 years.<\/li>\n<\/ul>\n<p><span style=\"font-weight: bold;\">2011<\/span><\/p>\n<ul>\n<li>Our doctors made their presentations at the 23rd IAPD (International Pediatric Dentistry) Congress in Athens, Greece.<\/li>\n<li>Our doctors attended the EAPD Workshop held in Istanbul.<\/li>\n<li>Our doctors&#8217; book titled Revolutions in Pediaric Dentistry, published by Quint Pub Berlin, has been published.<\/li>\n<\/ul>\n<p><span style=\"font-weight: bold;\">2012<\/span><\/p>\n<ul>\n<li>Pentadent celebrates its 15th anniversary.<\/li>\n<li>Asst. Assoc. Dr. E\u015fber \u00c7a\u011flar has earned the academic title of Associate Professor at the Department of Pedodontics.\u00a0<\/li>\n<li>Our doctors chaired the session and made their presentations at the 11th EAPD (European Pediatric Dentistry) Congress in Strasbourg, France.<\/li>\n<li>Our doctors were invited as main speakers at the 19th Turkish Pedodontics Congress in Antalya and made their presentations.<\/li>\n<li>Pentadent has developed and renovated diagnostic methods with its panoramic radiography unit.<\/li>\n<\/ul>\n<p><span style=\"font-weight: bold;\">2013<\/span><\/p>\n<ul>\n<li>Our staff of doctors and dental hygienists is expanding.<\/li>\n<li>Our doctors made their presentations at the 46th CED IADR Congress in Florence, Italy.<\/li>\n<\/ul>\n<div><span style=\"font-weight: bold;\">2014<\/span><\/div>\n<div>\u00a0<\/div>\n<ul>\n<li>Our doctors chaired the session and made their presentations at the 12th EAPD (European Pediatric Dentistry) Congress in Sopot, Poland.<\/li>\n<li>Our doctors were invited as main speakers to the 20th Congress of the Albanian Dental Association and made their presentations in Tirana, Albania.<\/li>\n<\/ul>\n<p><span style=\"font-weight: bold;\">2015<\/span><\/p>\n<ul>\n<li>Our doctors work as Visiting Professors at Tirana Medical Faculty, Albania.<\/li>\n<li>Our doctors made their presentations and chaired the session at the 25th International Pediatric Dentistry Congress held in Glasgow, Scotland.<\/li>\n<\/ul>\n<p><span style=\"font-weight: bold;\">2016<\/span><\/p>\n<ul>\n<li>Our doctors made their presentations and chaired the session at the 13th EAPD (European Pediatric Dentistry) Congress held in Belgrade, Serbia.\u00a0<\/li>\n<li>Our doctors&#8217; new book, &#8216;Evidence Based Caries Prevention&#8217;, published by Springer publishing house, has taken its place on the shelves.\u00a0<\/li>\n<li>We continue to hold a managerial position in dental caries research conducted in all major cities in Albania. We had conversations about dental health through radio programs.<\/li>\n<\/ul>\n<p><span style=\"font-weight: bold;\">2017<\/span><\/p>\n<ul>\n<li>We are proudly celebrating our 20th anniversary with the trust and support of our patients.<\/li>\n<\/ul>\n<p><span style=\"font-weight: bold;\">2018<\/span><\/p>\n<ul>\n<li>Dr. U\u011fur Kabalay attended the advanced implant course in Portugal.<\/li>\n<li>Invisalign transparent plate treatments have been introduced in the field of orthodontics.<\/li>\n<\/ul>\n<p><span style=\"font-weight: bold;\">2019<\/span><\/p>\n<ul>\n<li>Dr. U\u011fur Kabalay completed the advanced surgery course in Italy.<\/li>\n<li>Porcelain furnaces are now operational in our clinic for advanced aesthetic empress and laminate applications.<\/li>\n<\/ul>\n<p><span style=\"font-weight: bold;\">2020<\/span><\/p>\n<ul>\n<li>We continue our work by taking all our precautions against the Covid 19 pandemic.<\/li>\n<li>Aesthetic plaque treatment and Invisalign applications have started in our orthodontic treatments.<\/li>\n<\/ul>\n<p><span style=\"font-weight: bold;\">2021<\/span><\/p>\n<ul>\n<li>Assoc. Dr. E\u015fber \u00c7a\u011flar was promoted to the title of Professor at Kent University (Old German Hospital).<\/li>\n<\/ul>\n<p><span style=\"font-weight: bold;\">2022<\/span><\/p>\n<ul>\n<li>Pentadent celebrates its 25th anniversary with you.<\/li>\n<li>According to Research Gate, one of the world&#8217;s respected research institutions, Prof. Dr. E\u015fber \u00c7a\u011flar has been promoted to the top group research scientist category in the H index.<\/li>\n<\/ul>\n<p><span style=\"font-weight: bold;\">2023<\/span><\/p>\n<ul>\n<li>Pentadent invested in a new campus in Ac\u0131badem to further improve clinical conditions.<\/li>\n<li>Our clinical team successfully completed the Dental Photography Course training we organized.<\/li>\n<\/ul>\n<p><span style=\"font-weight: bold;\">2024<\/span><\/p>\n<ul>\n<li>Prof. Dr. E\u015fber \u00c7a\u011flar, published the improved second edition of the book Evidence-Based Caries Prevention by Springer.<\/li>\n<li>We have attended the European Association of Osseointegration IAO-EAO-SIdP joint meeting held in Milan, Italy<\/li>\n<li>Prof. Dr. E\u015fber \u00c7a\u011flar was in charge of an Erasmus project in Bambino Gesu Children&#8217;s Hospital in Vatican.<\/li>\n<\/ul>\n<p><span style=\"font-weight: bold;\">2025<\/span><\/p>\n<ul>\n<li>Soft and Hard tissue lasers are in use with latest technology.<\/li>\n<li>Intraoral Digital Scanner system is in system thus Digital archive is established.<\/li>\n<li>\n<p>We received training at a workshop on caffeine applications at the Bambino Gesu Children&#8217;s Hospital in the Vatican.<\/p>\n<\/li>\n<li>\n<p>Physiotherapy applications have been implemented at our institute for our TMJ patients.<\/p>\n<\/li>\n<li>\n<p>Dr. U\u011fur Kabalay continues his training in TMJ.<\/p>\n<\/li>\n<li>\n<p>Dr. Berk K\u0131rant has received training on the latest developments in aesthetic restorations.<\/p>\n<\/li>\n<\/ul>\n<div><span style=\"font-weight: bold;\">2026<\/span><\/div>\n<div><span style=\"font-weight: bold;\">\u00a0<\/span><\/div>\n<div>\n<div>\n<ul>\n<li>Our doctors received training in Istanbul as part of the Erasmus project, specifically in a workshop on Pafein applications.<\/li>\n<\/ul>\n<\/div>\n<div>\n<ul>\n<li>Prof. Dr. Esber Caglar has begun his studies as a Visiting Professor in Tirana, Albania.<\/li>\n<\/ul>\n<\/div>\n<div>\n<ul>\n<li>Dr. U\u011fur Kabalay is continuing his training in TMJ (Temporamandibular Joint) at the 3rd stage.<\/li>\n<\/ul>\n<\/div>\n<div>\n<ul>\n<li>We also received training in Marseille, France, at a workshop on Pafein applications held at the Marseille University Dental School Hospital.<\/li>\n<\/ul>\n<\/div>\n<\/div>    <\/div>\n<\/div>\n<!-- \/module text -->        <\/div>\n                        <\/div>\n        <\/div>\n        <\/div>\n<!--\/themify_builder_content-->","protected":false},"excerpt":{"rendered":"<p>News 1997 Dental treatments started at Pentadent Ac\u0131badem on December 27, 1997. 1998 We attended the 5th EAPD Congress in Bergen-Norway. 1999 Dr. U\u011fur Kabalay won a T\u00fcbitak scholarship with the conference he gave at FDI Congress, Paris, France. 2000 Dr. E\u015fber \u00c7a\u011flar won the ORCA East Europe Summer School scholarship and went to Dobogoko, [&hellip;]<\/p>\n","protected":false},"author":1,"featured_media":0,"parent":0,"menu_order":0,"comment_status":"closed","ping_status":"closed","template":"","meta":{"footnotes":""},"class_list":["post-587","page","type-page","status-publish","hentry","has-post-title","has-post-date","has-post-category","has-post-tag","has-post-comment","has-post-author",""],"_links":{"self":[{"href":"https:\/\/pentadent.org\/en\/wp-json\/wp\/v2\/pages\/587","targetHints":{"allow":["GET"]}}],"collection":[{"href":"https:\/\/pentadent.org\/en\/wp-json\/wp\/v2\/pages"}],"about":[{"href":"https:\/\/pentadent.org\/en\/wp-json\/wp\/v2\/types\/page"}],"author":[{"embeddable":true,"href":"https:\/\/pentadent.org\/en\/wp-json\/wp\/v2\/users\/1"}],"replies":[{"embeddable":true,"href":"https:\/\/pentadent.org\/en\/wp-json\/wp\/v2\/comments?post=587"}],"version-history":[{"count":24,"href":"https:\/\/pentadent.org\/en\/wp-json\/wp\/v2\/pages\/587\/revisions"}],"predecessor-version":[{"id":943,"href":"https:\/\/pentadent.org\/en\/wp-json\/wp\/v2\/pages\/587\/revisions\/943"}],"wp:attachment":[{"href":"https:\/\/pentadent.org\/en\/wp-json\/wp\/v2\/media?parent=587"}],"curies":[{"name":"wp","href":"https:\/\/api.w.org\/{rel}","templated":true}]}}