{"id":589,"date":"2024-04-22T12:38:41","date_gmt":"2024-04-22T12:38:41","guid":{"rendered":"https:\/\/pentadent.org\/iletisim\/"},"modified":"2024-04-26T10:40:44","modified_gmt":"2024-04-26T10:40:44","slug":"contact","status":"publish","type":"page","link":"https:\/\/pentadent.org\/en\/contact\/","title":{"rendered":"Contact"},"content":{"rendered":"<!--themify_builder_content-->\n<div id=\"themify_builder_content-589\" data-postid=\"589\" class=\"themify_builder_content themify_builder_content-589 themify_builder tf_clear\">\n                    <div  data-css_id=\"socs58\" data-lazy=\"1\" class=\"module_row themify_builder_row fullwidth tb_socs58 tb_first tf_w\">\n                        <div class=\"row_inner col_align_top tb_col_count_1 tf_box tf_rel\">\n                        <div  data-lazy=\"1\" class=\"module_column tb-column col-full tb_pt8958 first\">\n                    <!-- module image -->\n<div  class=\"module module-image tb_5for547 image-top   auto_fullwidth tf_mw\" data-lazy=\"1\">\n        <div class=\"image-wrap tf_rel tf_mw\">\n            <img loading=\"lazy\" decoding=\"async\" width=\"1024\" height=\"222\" src=\"https:\/\/pentadent.org\/wp-content\/uploads\/2024\/04\/Randevu-img.jpg\" class=\"wp-post-image wp-image-506\" title=\"Randevu-img\" alt=\"Randevu-img\" srcset=\"https:\/\/pentadent.org\/wp-content\/uploads\/2024\/04\/Randevu-img.jpg 1024w, https:\/\/pentadent.org\/wp-content\/uploads\/2024\/04\/Randevu-img-300x65.jpg 300w, https:\/\/pentadent.org\/wp-content\/uploads\/2024\/04\/Randevu-img-768x167.jpg 768w\" sizes=\"auto, (max-width: 1024px) 100vw, 1024px\" \/>    \n        <\/div>\n    <!-- \/image-wrap -->\n    \n        <\/div>\n<!-- \/module image -->        <\/div>\n                        <\/div>\n        <\/div>\n                        <div  data-lazy=\"1\" class=\"module_row themify_builder_row tb_xj65296 tf_w\">\n                        <div class=\"row_inner col_align_top tb_col_count_1 tf_box tf_rel\">\n                        <div  data-lazy=\"1\" class=\"module_column tb-column col-full tb_bbhu296 first\">\n                    <!-- module fancy heading -->\n<div  class=\"module module-fancy-heading tb_6msf432 \" data-lazy=\"1\">\n        <h1 class=\"fancy-heading tf_textc\">\n    <span class=\"main-head tf_block\">\n                    Contact Us            <\/span>\n\n    \n    <span class=\"sub-head tf_block tf_rel\">\n                                <\/span>\n    <\/h1>\n<\/div>\n<!-- \/module fancy heading -->\n        <\/div>\n                        <\/div>\n        <\/div>\n                        <div  data-lazy=\"1\" class=\"module_row themify_builder_row tb_omc0619 tf_w\">\n                        <div class=\"row_inner col_align_top gutter-narrow tb_col_count_2 tf_box tf_rel\">\n                        <div  data-lazy=\"1\" class=\"module_column tb-column col4-2 tb_2np3619 first\">\n                    <!-- module plain text -->\n<div  class=\"module module-plain-text tb_bkh9849 \" data-lazy=\"1\">\n        <div class=\"tb_text_wrap\">\n    <iframe src=\"https:\/\/www.google.com\/maps\/embed?pb=!1m18!1m12!1m3!1d6022.314160706478!2d29.033826926622577!3d40.99993497547529!2m3!1f0!2f0!3f0!3m2!1i1024!2i768!4f13.1!3m3!1m2!1s0x14cab80c41706345%3A0x85624cccddf60674!2sPENTADENT!5e0!3m2!1str!2str!4v1713884980410!5m2!1str!2str\" width=\"600\" height=\"450\" style=\"border:0;\" allowfullscreen=\"\" loading=\"lazy\" referrerpolicy=\"no-referrer-when-downgrade\"><\/iframe>    <\/div>\n<\/div>\n<!-- \/module plain text -->        <\/div>\n                    <div  data-lazy=\"1\" class=\"module_column tb-column col4-2 tb_da59290 last\">\n                    <!-- module icon -->\n<div  class=\"module module-icon tb_4pig966    icon_vertical tf_textc\" data-lazy=\"1\">\n\t\t\t<div class=\"module-icon-item\">\n\t\t\t\t\t\t\t\t\t\t\t\t\t\t\t\t<em class=\"tf_box\"\n\t\t\t\t\t\t\t\t\t\t\t\t style=\"background-color:#01417e;color:#ffffff\"\t\t\t\t\t><svg  class=\"tf_fa tf-fas-map-marker-alt\" xmlns:xlink=\"http:\/\/www.w3.org\/1999\/xlink\" aria-hidden=\"true\"><use href=\"#tf-fas-map-marker-alt\" xlink:href=\"#tf-fas-map-marker-alt\"><\/use><\/svg><\/em>\n\t\t\t\t\t\t\t\t\t\t\t\t\t\t\t\t\t\t\t<span>Pentadent 67\/4 Nemutlu Apt Ac\u0131badem Cad 34728 Kadik\u00f6y \u0130stanbul<\/span>\n\t\t\t\t\t\t\t\t\t\t\t\t\t\t\t<\/div>\n\t<\/div>\n<!-- \/module icon -->\n<!-- module icon -->\n<div  class=\"module module-icon tb_j5l6356    icon_vertical tf_textc\" data-lazy=\"1\">\n\t\t\t<div class=\"module-icon-item\">\n\t\t\t\t\t\t\t\t\t\t\t\t\t\t\t\t<em class=\"tf_box\"\n\t\t\t\t\t\t\t\t\t\t\t\t style=\"background-color:#01417e;color:#ffffff\"\t\t\t\t\t><svg  class=\"tf_fa tf-fas-phone-alt\" xmlns:xlink=\"http:\/\/www.w3.org\/1999\/xlink\" aria-hidden=\"true\"><use href=\"#tf-fas-phone-alt\" xlink:href=\"#tf-fas-phone-alt\"><\/use><\/svg><\/em>\n\t\t\t\t\t\t\t\t\t\t\t\t\t\t<\/div>\n\t<\/div>\n<!-- \/module icon -->\n<!-- module text -->\n<div  class=\"module module-text tb_e4gd992   \" data-lazy=\"1\">\n        <div  class=\"tb_text_wrap\">\n        <p style=\"text-align: center;\"><a href=\"tel:+902164281086\">+90 216 428 10 86-87<\/a><\/p>    <\/div>\n<\/div>\n<!-- \/module text --><!-- module icon -->\n<div  class=\"module module-icon tb_k7of607    icon_vertical tf_textc\" data-lazy=\"1\">\n\t\t\t<div class=\"module-icon-item\">\n\t\t\t\t\t\t\t\t\t\t\t\t\t\t\t\t<em class=\"tf_box\"\n\t\t\t\t\t\t\t\t\t\t\t\t style=\"background-color:#01417e;color:#ffffff\"\t\t\t\t\t><svg  class=\"tf_fa tf-fas-mobile-screen-button\" xmlns:xlink=\"http:\/\/www.w3.org\/1999\/xlink\" aria-hidden=\"true\"><use href=\"#tf-fas-mobile-screen-button\" xlink:href=\"#tf-fas-mobile-screen-button\"><\/use><\/svg><\/em>\n\t\t\t\t\t\t\t\t\t\t\t\t\t\t<\/div>\n\t<\/div>\n<!-- \/module icon -->\n<!-- module text -->\n<div  class=\"module module-text tb_gj3s164   \" data-lazy=\"1\">\n        <div  class=\"tb_text_wrap\">\n        <div class=\"module-icon-item\" style=\"text-align: center;\"><a href=\"tel:+905559783638\">+90 555 978 36 38<\/a><\/div>\n<div style=\"text-align: center;\"><a href=\"tel:+905076144642\">+90 507 614 4 642<\/a><\/div>    <\/div>\n<\/div>\n<!-- \/module text --><!-- module icon -->\n<div  class=\"module module-icon tb_ta1y101    icon_vertical tf_textc\" data-lazy=\"1\">\n\t\t\t<div class=\"module-icon-item\">\n\t\t\t\t\t\t\t<a href=\"mailto:info@pentadent.org\">\n\t\t\t\t\t\t\t\t\t\t\t\t\t\t\t\t\t<em class=\"tf_box\"\n\t\t\t\t\t\t\t\t\t\t\t\t style=\"background-color:#01417e;color:#ffffff\"\t\t\t\t\t><svg  class=\"tf_fa tf-fas-envelope\" xmlns:xlink=\"http:\/\/www.w3.org\/1999\/xlink\" aria-hidden=\"true\"><use href=\"#tf-fas-envelope\" xlink:href=\"#tf-fas-envelope\"><\/use><\/svg><\/em>\n\t\t\t\t\t\t\t\t\t\t\t\t\t\t\t\t\t\t\t<span>info@pentadent.org<\/span>\n\t\t\t\t\t\t\t\t\t\t\t\t\t\t\t\t\t<\/a>\n\t\t\t\t\t<\/div>\n\t<\/div>\n<!-- \/module icon -->\n        <\/div>\n                        <\/div>\n        <\/div>\n        <\/div>\n<!--\/themify_builder_content-->","protected":false},"excerpt":{"rendered":"<p>Contact Us Pentadent 67\/4 Nemutlu Apt Ac\u0131badem Cad 34728 Kadik\u00f6y \u0130stanbul +90 216 428 10 86-87 +90 555 978 36 38 +90 507 614 4 642 info@pentadent.org<\/p>\n","protected":false},"author":1,"featured_media":0,"parent":0,"menu_order":0,"comment_status":"closed","ping_status":"closed","template":"","meta":{"footnotes":""},"class_list":["post-589","page","type-page","status-publish","hentry","has-post-title","has-post-date","has-post-category","has-post-tag","has-post-comment","has-post-author",""],"_links":{"self":[{"href":"https:\/\/pentadent.org\/en\/wp-json\/wp\/v2\/pages\/589","targetHints":{"allow":["GET"]}}],"collection":[{"href":"https:\/\/pentadent.org\/en\/wp-json\/wp\/v2\/pages"}],"about":[{"href":"https:\/\/pentadent.org\/en\/wp-json\/wp\/v2\/types\/page"}],"author":[{"embeddable":true,"href":"https:\/\/pentadent.org\/en\/wp-json\/wp\/v2\/users\/1"}],"replies":[{"embeddable":true,"href":"https:\/\/pentadent.org\/en\/wp-json\/wp\/v2\/comments?post=589"}],"version-history":[{"count":7,"href":"https:\/\/pentadent.org\/en\/wp-json\/wp\/v2\/pages\/589\/revisions"}],"predecessor-version":[{"id":660,"href":"https:\/\/pentadent.org\/en\/wp-json\/wp\/v2\/pages\/589\/revisions\/660"}],"wp:attachment":[{"href":"https:\/\/pentadent.org\/en\/wp-json\/wp\/v2\/media?parent=589"}],"curies":[{"name":"wp","href":"https:\/\/api.w.org\/{rel}","templated":true}]}}