{"id":860,"date":"2025-12-17T16:57:01","date_gmt":"2025-12-17T13:57:01","guid":{"rendered":"https:\/\/pentadent.org\/institute\/"},"modified":"2026-03-26T12:38:41","modified_gmt":"2026-03-26T09:38:41","slug":"institute","status":"publish","type":"page","link":"https:\/\/pentadent.org\/en\/institute\/","title":{"rendered":"Institute"},"content":{"rendered":"<!--themify_builder_content-->\n<div id=\"themify_builder_content-860\" data-postid=\"860\" class=\"themify_builder_content themify_builder_content-860 themify_builder tf_clear\">\n                    <div  data-css_id=\"socs58\" data-lazy=\"1\" class=\"module_row themify_builder_row fullwidth tb_socs58 tb_first tf_w\">\n                        <div class=\"row_inner col_align_top tb_col_count_1 tf_box tf_rel\">\n                        <div  data-lazy=\"1\" class=\"module_column tb-column col-full tb_pt8958 first\">\n                    <!-- module image -->\n<div  class=\"module module-image tb_5for547 image-top   auto_fullwidth tf_mw\" data-lazy=\"1\">\n        <div class=\"image-wrap tf_rel tf_mw\">\n            <img loading=\"lazy\" decoding=\"async\" width=\"1060\" height=\"222\" src=\"https:\/\/pentadent.org\/wp-content\/uploads\/2025\/12\/enstitubanner.jpg\" class=\"wp-post-image wp-image-856\" title=\"enstitubanner\" alt=\"enstitubanner\" srcset=\"https:\/\/pentadent.org\/wp-content\/uploads\/2025\/12\/enstitubanner.jpg 1060w, https:\/\/pentadent.org\/wp-content\/uploads\/2025\/12\/enstitubanner-300x63.jpg 300w, https:\/\/pentadent.org\/wp-content\/uploads\/2025\/12\/enstitubanner-1024x214.jpg 1024w, https:\/\/pentadent.org\/wp-content\/uploads\/2025\/12\/enstitubanner-768x161.jpg 768w\" sizes=\"auto, (max-width: 1060px) 100vw, 1060px\" \/>    \n        <\/div>\n    <!-- \/image-wrap -->\n    \n        <\/div>\n<!-- \/module image -->        <\/div>\n                        <\/div>\n        <\/div>\n                        <div  data-lazy=\"1\" class=\"module_row themify_builder_row tb_xj65296 tf_w\">\n                        <div class=\"row_inner col_align_top tb_col_count_1 tf_box tf_rel\">\n                        <div  data-lazy=\"1\" class=\"module_column tb-column col-full tb_bbhu296 first\">\n                    <!-- module fancy heading -->\n<div  class=\"module module-fancy-heading tb_6msf432 \" data-lazy=\"1\">\n        <h1 class=\"fancy-heading tf_textc\">\n    <span class=\"main-head tf_block\">\n                    Institute            <\/span>\n\n    \n    <span class=\"sub-head tf_block tf_rel\">\n                                <\/span>\n    <\/h1>\n<\/div>\n<!-- \/module fancy heading -->\n        <\/div>\n                        <\/div>\n        <\/div>\n                        <div  data-lazy=\"1\" class=\"module_row themify_builder_row tb_eah6802 tf_w\">\n                        <div class=\"row_inner col_align_top tb_col_count_1 tf_box tf_rel\">\n                        <div  data-lazy=\"1\" class=\"module_column tb-column col-full tb_oji1802 first\">\n                    <!-- module text -->\n<div  class=\"module module-text tb_2ict434   \" data-lazy=\"1\">\n        <div  class=\"tb_text_wrap\">\n        <p>Pentadent SuiGeneris T\u00fcrkiye\u2019de alan\u0131nda \u00f6nc\u00fc Akademik kadrosu ile bir Enstit\u00fc olma yolunda emin ad\u0131mlarla ilerlemektedir. Enstit\u00fc kavram\u0131 burada bizler i\u00e7in Klini\u011fimizin bir \u00dcniversite seviyesinde akademik nosyon ile y\u00f6netilmesi ve hekimlerinizin tedavi d\u0131\u015f\u0131 ara\u015ft\u0131rmalar\u0131n\u0131n desteklenmesi konusunda bizleri denetleyici bir mekanizmad\u0131r. Enstit\u00fc ba\u015fkan\u0131m\u0131z Prof. Dr. Esber \u00c7a\u011flar bu g\u00f6revi s\u00fcrd\u00fcrmektedir. The residency theses of our institute&#8217;s physicians can be reviewed through the National Thesis Center.<\/p>    <\/div>\n<\/div>\n<!-- \/module text -->        <\/div>\n                        <\/div>\n        <\/div>\n                        <div  data-lazy=\"1\" class=\"module_row themify_builder_row tb_9h7q830 tf_w\">\n                        <div class=\"row_inner col_align_top tb_col_count_4 tf_box tf_rel\">\n                        <div  data-lazy=\"1\" class=\"module_column tb-column col4-1 tb_37aa830 first\">\n                    <!-- module buttons -->\n<div  class=\"module module-buttons tb_rt1t830 buttons-horizontal solid   buttons-fullwidth\" data-lazy=\"1\">\n        <div class=\"module-buttons-item tf_in_flx\">\n                        <a href=\"https:\/\/tez.yok.gov.tr\/UlusalTezMerkezi\/tezSorguSonucYeni.jsp\" class=\"ui builder_button tf_in_flx transparent\" target=\"_blank\" rel=\"noopener\">\n                                                National Thesis Center                                        <\/a>\n                <\/div>\n            <\/div>\n<!-- \/module buttons -->\n        <\/div>\n                    <div  data-lazy=\"1\" class=\"module_column tb-column col4-1 tb_98um830\">\n                            <\/div>\n                    <div  data-lazy=\"1\" class=\"module_column tb-column col4-1 tb_snax830\">\n                            <\/div>\n                    <div  data-lazy=\"1\" class=\"module_column tb-column col4-1 tb_xetg830 last\">\n                            <\/div>\n                        <\/div>\n        <\/div>\n                        <div  data-lazy=\"1\" class=\"module_row themify_builder_row tb_1lv8232 tf_w\">\n                        <div class=\"row_inner col_align_top tb_col_count_1 tf_box tf_rel\">\n                        <div  data-lazy=\"1\" class=\"module_column tb-column col-full tb_vung232 first\">\n                    <!-- module gallery -->\n<div  class=\"module gallery module-gallery tb_e3rp232 layout-grid bordered \" data-lazy=\"1\">\n    <div class=\"module-gallery-grid\" style=\"--gald:4;--galt:2;--galm:2\">\n            <dl class=\"gallery-item\">\n            <dt class=\"gallery-icon\">\n            <a data-title=\"\" title=\"\" href=\"https:\/\/pentadent.org\/wp-content\/uploads\/2025\/12\/471d9789-1788-4ab2-b902-bcdee430a2f2.jpg\" data-rel=\"tb_e3rp232\" class=\"themify_lightbox\"><img loading=\"lazy\" decoding=\"async\" src=\"https:\/\/pentadent.org\/wp-content\/uploads\/2025\/12\/471d9789-1788-4ab2-b902-bcdee430a2f2-739x1024-278x258.jpg\" width=\"278\" height=\"258\" class=\"wp-post-image wp-image-880\" title=\"471d9789-1788-4ab2-b902-bcdee430a2f2\" alt=\"471d9789-1788-4ab2-b902-bcdee430a2f2\"><\/a>            <\/dt>\n                    <\/dl>\n            <dl class=\"gallery-item\">\n            <dt class=\"gallery-icon\">\n            <a data-title=\"\" title=\"\" href=\"https:\/\/pentadent.org\/wp-content\/uploads\/2025\/12\/WhatsApp-Image-2025-12-17-at-22.35.52.jpeg\" data-rel=\"tb_e3rp232\" class=\"themify_lightbox\"><img loading=\"lazy\" decoding=\"async\" src=\"https:\/\/pentadent.org\/wp-content\/uploads\/2025\/12\/WhatsApp-Image-2025-12-17-at-22.35.52-278x258.jpeg\" width=\"278\" height=\"258\" class=\"wp-post-image wp-image-882\" title=\"WhatsApp Image 2025-12-17 at 22.35.52\" alt=\"WhatsApp Image 2025-12-17 at 22.35.52\"><\/a>            <\/dt>\n                    <\/dl>\n            <dl class=\"gallery-item\">\n            <dt class=\"gallery-icon\">\n            <a data-title=\"\" title=\"\" href=\"https:\/\/pentadent.org\/wp-content\/uploads\/2025\/12\/WhatsApp-Image-2025-12-17-at-22.35.53.jpeg\" data-rel=\"tb_e3rp232\" class=\"themify_lightbox\"><img loading=\"lazy\" decoding=\"async\" src=\"https:\/\/pentadent.org\/wp-content\/uploads\/2025\/12\/WhatsApp-Image-2025-12-17-at-22.35.53-955x1024-278x258.jpeg\" width=\"278\" height=\"258\" class=\"wp-post-image wp-image-884\" title=\"WhatsApp Image 2025-12-17 at 22.35.53\" alt=\"WhatsApp Image 2025-12-17 at 22.35.53\"><\/a>            <\/dt>\n                    <\/dl>\n            <dl class=\"gallery-item\">\n            <dt class=\"gallery-icon\">\n            <a data-title=\"\" title=\"\" href=\"https:\/\/pentadent.org\/wp-content\/uploads\/2025\/12\/WhatsApp-Image-2025-12-17-at-22.35.53-1.jpeg\" data-rel=\"tb_e3rp232\" class=\"themify_lightbox\"><img loading=\"lazy\" decoding=\"async\" src=\"https:\/\/pentadent.org\/wp-content\/uploads\/2025\/12\/WhatsApp-Image-2025-12-17-at-22.35.53-1-939x1024-278x258.jpeg\" width=\"278\" height=\"258\" class=\"wp-post-image wp-image-886\" title=\"WhatsApp Image 2025-12-17 at 22.35.53 (1)\" alt=\"WhatsApp Image 2025-12-17 at 22.35.53 (1)\"><\/a>            <\/dt>\n                    <\/dl>\n            <dl class=\"gallery-item\">\n            <dt class=\"gallery-icon\">\n            <a data-title=\"\" title=\"\" href=\"https:\/\/pentadent.org\/wp-content\/uploads\/2025\/12\/WhatsApp-Image-2025-12-17-at-22.35.53-2.jpeg\" data-rel=\"tb_e3rp232\" class=\"themify_lightbox\"><img loading=\"lazy\" decoding=\"async\" src=\"https:\/\/pentadent.org\/wp-content\/uploads\/2025\/12\/WhatsApp-Image-2025-12-17-at-22.35.53-2-853x1024-278x258.jpeg\" width=\"278\" height=\"258\" class=\"wp-post-image wp-image-888\" title=\"WhatsApp Image 2025-12-17 at 22.35.53 (2)\" alt=\"WhatsApp Image 2025-12-17 at 22.35.53 (2)\"><\/a>            <\/dt>\n                    <\/dl>\n            <dl class=\"gallery-item\">\n            <dt class=\"gallery-icon\">\n            <a data-title=\"\" title=\"\" href=\"https:\/\/pentadent.org\/wp-content\/uploads\/2025\/12\/WhatsApp-Image-2025-12-17-at-22.35.53-3.jpeg\" data-rel=\"tb_e3rp232\" class=\"themify_lightbox\"><img loading=\"lazy\" decoding=\"async\" src=\"https:\/\/pentadent.org\/wp-content\/uploads\/2025\/12\/WhatsApp-Image-2025-12-17-at-22.35.53-3-1024x1006-278x258.jpeg\" width=\"278\" height=\"258\" class=\"wp-post-image wp-image-890\" title=\"WhatsApp Image 2025-12-17 at 22.35.53 (3)\" alt=\"WhatsApp Image 2025-12-17 at 22.35.53 (3)\"><\/a>            <\/dt>\n                    <\/dl>\n            <dl class=\"gallery-item\">\n            <dt class=\"gallery-icon\">\n            <a data-title=\"\" title=\"\" href=\"https:\/\/pentadent.org\/wp-content\/uploads\/2025\/12\/WhatsApp-Image-2025-12-17-at-22.35.53-4.jpeg\" data-rel=\"tb_e3rp232\" class=\"themify_lightbox\"><img loading=\"lazy\" decoding=\"async\" src=\"https:\/\/pentadent.org\/wp-content\/uploads\/2025\/12\/WhatsApp-Image-2025-12-17-at-22.35.53-4-1024x859-278x258.jpeg\" width=\"278\" height=\"258\" class=\"wp-post-image wp-image-892\" title=\"WhatsApp Image 2025-12-17 at 22.35.53 (4)\" alt=\"WhatsApp Image 2025-12-17 at 22.35.53 (4)\"><\/a>            <\/dt>\n                    <\/dl>\n            <dl class=\"gallery-item\">\n            <dt class=\"gallery-icon\">\n            <a data-title=\"\" title=\"\" href=\"https:\/\/pentadent.org\/wp-content\/uploads\/2025\/12\/WhatsApp-Image-2025-12-18-at-11.02.02-3.jpeg\" data-rel=\"tb_e3rp232\" class=\"themify_lightbox\"><img loading=\"lazy\" decoding=\"async\" src=\"https:\/\/pentadent.org\/wp-content\/uploads\/2025\/12\/WhatsApp-Image-2025-12-18-at-11.02.02-3-921x1024-278x258.jpeg\" width=\"278\" height=\"258\" class=\"wp-post-image wp-image-904\" title=\"WhatsApp Image 2025-12-18 at 11.02.02 (3)\" alt=\"WhatsApp Image 2025-12-18 at 11.02.02 (3)\"><\/a>            <\/dt>\n                    <\/dl>\n            <dl class=\"gallery-item\">\n            <dt class=\"gallery-icon\">\n            <a data-title=\"\" title=\"\" href=\"https:\/\/pentadent.org\/wp-content\/uploads\/2025\/12\/WhatsApp-Image-2025-12-18-at-11.02.02-2.jpeg\" data-rel=\"tb_e3rp232\" class=\"themify_lightbox\"><img loading=\"lazy\" decoding=\"async\" src=\"https:\/\/pentadent.org\/wp-content\/uploads\/2025\/12\/WhatsApp-Image-2025-12-18-at-11.02.02-2-923x1024-278x258.jpeg\" width=\"278\" height=\"258\" class=\"wp-post-image wp-image-906\" title=\"WhatsApp Image 2025-12-18 at 11.02.02 (2)\" alt=\"WhatsApp Image 2025-12-18 at 11.02.02 (2)\"><\/a>            <\/dt>\n                    <\/dl>\n            <dl class=\"gallery-item\">\n            <dt class=\"gallery-icon\">\n            <a data-title=\"\" title=\"\" href=\"https:\/\/pentadent.org\/wp-content\/uploads\/2025\/12\/WhatsApp-Image-2025-12-18-at-11.02.02-1.jpeg\" data-rel=\"tb_e3rp232\" class=\"themify_lightbox\"><img loading=\"lazy\" decoding=\"async\" src=\"https:\/\/pentadent.org\/wp-content\/uploads\/2025\/12\/WhatsApp-Image-2025-12-18-at-11.02.02-1-744x1024-278x258.jpeg\" width=\"278\" height=\"258\" class=\"wp-post-image wp-image-908\" title=\"WhatsApp Image 2025-12-18 at 11.02.02 (1)\" alt=\"WhatsApp Image 2025-12-18 at 11.02.02 (1)\"><\/a>            <\/dt>\n                    <\/dl>\n            <dl class=\"gallery-item\">\n            <dt class=\"gallery-icon\">\n            <a data-title=\"\" title=\"\" href=\"https:\/\/pentadent.org\/wp-content\/uploads\/2025\/12\/WhatsApp-Image-2025-12-18-at-11.02.02.jpeg\" data-rel=\"tb_e3rp232\" class=\"themify_lightbox\"><img loading=\"lazy\" decoding=\"async\" src=\"https:\/\/pentadent.org\/wp-content\/uploads\/2025\/12\/WhatsApp-Image-2025-12-18-at-11.02.02-768x1024-278x258.jpeg\" width=\"278\" height=\"258\" class=\"wp-post-image wp-image-910\" title=\"WhatsApp Image 2025-12-18 at 11.02.02\" alt=\"WhatsApp Image 2025-12-18 at 11.02.02\"><\/a>            <\/dt>\n                    <\/dl>\n    <\/div>\n<\/div>\n<!-- \/module gallery -->        <\/div>\n                        <\/div>\n        <\/div>\n        <\/div>\n<!--\/themify_builder_content-->","protected":false},"excerpt":{"rendered":"<p>Institute Pentadent SuiGeneris T\u00fcrkiye\u2019de alan\u0131nda \u00f6nc\u00fc Akademik kadrosu ile bir Enstit\u00fc olma yolunda emin ad\u0131mlarla ilerlemektedir. Enstit\u00fc kavram\u0131 burada bizler i\u00e7in Klini\u011fimizin bir \u00dcniversite seviyesinde akademik nosyon ile y\u00f6netilmesi ve hekimlerinizin tedavi d\u0131\u015f\u0131 ara\u015ft\u0131rmalar\u0131n\u0131n desteklenmesi konusunda bizleri denetleyici bir mekanizmad\u0131r. Enstit\u00fc ba\u015fkan\u0131m\u0131z Prof. Dr. Esber \u00c7a\u011flar bu g\u00f6revi s\u00fcrd\u00fcrmektedir. The residency theses of our institute&#8217;s [&hellip;]<\/p>\n","protected":false},"author":1,"featured_media":0,"parent":0,"menu_order":0,"comment_status":"closed","ping_status":"closed","template":"","meta":{"footnotes":""},"class_list":["post-860","page","type-page","status-publish","hentry","has-post-title","has-post-date","has-post-category","has-post-tag","has-post-comment","has-post-author",""],"_links":{"self":[{"href":"https:\/\/pentadent.org\/en\/wp-json\/wp\/v2\/pages\/860","targetHints":{"allow":["GET"]}}],"collection":[{"href":"https:\/\/pentadent.org\/en\/wp-json\/wp\/v2\/pages"}],"about":[{"href":"https:\/\/pentadent.org\/en\/wp-json\/wp\/v2\/types\/page"}],"author":[{"embeddable":true,"href":"https:\/\/pentadent.org\/en\/wp-json\/wp\/v2\/users\/1"}],"replies":[{"embeddable":true,"href":"https:\/\/pentadent.org\/en\/wp-json\/wp\/v2\/comments?post=860"}],"version-history":[{"count":16,"href":"https:\/\/pentadent.org\/en\/wp-json\/wp\/v2\/pages\/860\/revisions"}],"predecessor-version":[{"id":951,"href":"https:\/\/pentadent.org\/en\/wp-json\/wp\/v2\/pages\/860\/revisions\/951"}],"wp:attachment":[{"href":"https:\/\/pentadent.org\/en\/wp-json\/wp\/v2\/media?parent=860"}],"curies":[{"name":"wp","href":"https:\/\/api.w.org\/{rel}","templated":true}]}}